{"id":772,"date":"2025-02-09T13:38:01","date_gmt":"2025-02-09T12:38:01","guid":{"rendered":"https:\/\/sir-vosterone.com\/?page_id=772"},"modified":"2025-02-09T13:41:14","modified_gmt":"2025-02-09T12:41:14","slug":"politica-de-envios","status":"publish","type":"page","link":"https:\/\/sir-vosterone.com\/index.php\/politica-de-envios\/","title":{"rendered":"Pol\u00edtica de Envios"},"content":{"rendered":"<p>Empresa de Transporte: Los env\u00edos de nuestros productos son gestionados a trav\u00e9s de DHL.<\/p>\n<p>Plazos de Entrega: Los plazos de entrega son los siguientes:<\/p>\n<ul>\n<li>Env\u00edos nacionales (Espa\u00f1a): 3-5 d\u00edas h\u00e1biles.<\/li>\n<li>Env\u00edos internacionales: 7-10 d\u00edas h\u00e1biles. Los plazos pueden variar seg\u00fan el destino.<\/li>\n<\/ul>\n<p>Gastos de Env\u00edo: Los costes de env\u00edo se calcular\u00e1n al finalizar la compra, en funci\u00f3n del peso, tama\u00f1o del paquete y la ubicaci\u00f3n de entrega. Ofrecemos opciones de env\u00edo est\u00e1ndar y urgente.<\/p>\n<p>Env\u00edo gratuito: En algunos casos, como promociones especiales o pedidos superiores a un importe determinado, ofrecemos env\u00edo gratuito. Los detalles de estas promociones estar\u00e1n especificados en el proceso de compra.<\/p>\n<p>Retrasos y responsabilidad:<br \/>\nNo nos hacemos responsables de retrasos ocasionados por DHL debido a circunstancias ajenas a nuestro control (huelgas, condiciones meteorol\u00f3gicas, etc.).<\/p>\n","protected":false},"excerpt":{"rendered":"<p>Empresa de Transporte: Los env\u00edos de nuestros productos son gestionados a trav\u00e9s de DHL. Plazos de Entrega: Los plazos de entrega son los siguientes: Env\u00edos nacionales (Espa\u00f1a): 3-5 d\u00edas h\u00e1biles. Env\u00edos internacionales: 7-10 d\u00edas h\u00e1biles. Los plazos pueden variar seg\u00fan el destino. Gastos de Env\u00edo:&hellip;<\/p>\n","protected":false},"author":1,"featured_media":0,"parent":0,"menu_order":0,"comment_status":"closed","ping_status":"closed","template":"","meta":{"footnotes":""},"class_list":["post-772","page","type-page","status-publish","hentry"],"yoast_head":"<!-- This site is optimized with the Yoast SEO plugin v24.4 - https:\/\/yoast.com\/wordpress\/plugins\/seo\/ -->\n<title>Pol\u00edtica de Envios - Sir-Vosterone<\/title>\n<meta name=\"robots\" content=\"index, follow, max-snippet:-1, max-image-preview:large, max-video-preview:-1\" \/>\n<link rel=\"canonical\" href=\"https:\/\/sir-vosterone.com\/index.php\/politica-de-envios\/\" \/>\n<meta property=\"og:locale\" content=\"es_ES\" \/>\n<meta property=\"og:type\" content=\"article\" \/>\n<meta property=\"og:title\" content=\"Pol\u00edtica de Envios - Sir-Vosterone\" \/>\n<meta property=\"og:description\" content=\"Empresa de Transporte: Los env\u00edos de nuestros productos son gestionados a trav\u00e9s de DHL. Plazos de Entrega: Los plazos de entrega son los siguientes: Env\u00edos nacionales (Espa\u00f1a): 3-5 d\u00edas h\u00e1biles. Env\u00edos internacionales: 7-10 d\u00edas h\u00e1biles. Los plazos pueden variar seg\u00fan el destino. Gastos de Env\u00edo:&hellip;\" \/>\n<meta property=\"og:url\" content=\"https:\/\/sir-vosterone.com\/index.php\/politica-de-envios\/\" \/>\n<meta property=\"og:site_name\" content=\"Sir-Vosterone\" \/>\n<meta property=\"article:modified_time\" content=\"2025-02-09T12:41:14+00:00\" \/>\n<meta name=\"twitter:card\" content=\"summary_large_image\" \/>\n<meta name=\"twitter:label1\" content=\"Tiempo de lectura\" \/>\n\t<meta name=\"twitter:data1\" content=\"1 minuto\" \/>\n<script type=\"application\/ld+json\" class=\"yoast-schema-graph\">{\"@context\":\"https:\/\/schema.org\",\"@graph\":[{\"@type\":\"WebPage\",\"@id\":\"https:\/\/sir-vosterone.com\/index.php\/politica-de-envios\/\",\"url\":\"https:\/\/sir-vosterone.com\/index.php\/politica-de-envios\/\",\"name\":\"Pol\u00edtica de Envios - Sir-Vosterone\",\"isPartOf\":{\"@id\":\"https:\/\/sir-vosterone.com\/#website\"},\"datePublished\":\"2025-02-09T12:38:01+00:00\",\"dateModified\":\"2025-02-09T12:41:14+00:00\",\"inLanguage\":\"es\",\"potentialAction\":[{\"@type\":\"ReadAction\",\"target\":[\"https:\/\/sir-vosterone.com\/index.php\/politica-de-envios\/\"]}]},{\"@type\":\"WebSite\",\"@id\":\"https:\/\/sir-vosterone.com\/#website\",\"url\":\"https:\/\/sir-vosterone.com\/\",\"name\":\"Sir-Vosterone\",\"description\":\"\",\"potentialAction\":[{\"@type\":\"SearchAction\",\"target\":{\"@type\":\"EntryPoint\",\"urlTemplate\":\"https:\/\/sir-vosterone.com\/?s={search_term_string}\"},\"query-input\":{\"@type\":\"PropertyValueSpecification\",\"valueRequired\":true,\"valueName\":\"search_term_string\"}}],\"inLanguage\":\"es\"}]}<\/script>\n<!-- \/ Yoast SEO plugin. -->","yoast_head_json":{"title":"Pol\u00edtica de Envios - Sir-Vosterone","robots":{"index":"index","follow":"follow","max-snippet":"max-snippet:-1","max-image-preview":"max-image-preview:large","max-video-preview":"max-video-preview:-1"},"canonical":"https:\/\/sir-vosterone.com\/index.php\/politica-de-envios\/","og_locale":"es_ES","og_type":"article","og_title":"Pol\u00edtica de Envios - Sir-Vosterone","og_description":"Empresa de Transporte: Los env\u00edos de nuestros productos son gestionados a trav\u00e9s de DHL. Plazos de Entrega: Los plazos de entrega son los siguientes: Env\u00edos nacionales (Espa\u00f1a): 3-5 d\u00edas h\u00e1biles. Env\u00edos internacionales: 7-10 d\u00edas h\u00e1biles. Los plazos pueden variar seg\u00fan el destino. Gastos de Env\u00edo:&hellip;","og_url":"https:\/\/sir-vosterone.com\/index.php\/politica-de-envios\/","og_site_name":"Sir-Vosterone","article_modified_time":"2025-02-09T12:41:14+00:00","twitter_card":"summary_large_image","twitter_misc":{"Tiempo de lectura":"1 minuto"},"schema":{"@context":"https:\/\/schema.org","@graph":[{"@type":"WebPage","@id":"https:\/\/sir-vosterone.com\/index.php\/politica-de-envios\/","url":"https:\/\/sir-vosterone.com\/index.php\/politica-de-envios\/","name":"Pol\u00edtica de Envios - Sir-Vosterone","isPartOf":{"@id":"https:\/\/sir-vosterone.com\/#website"},"datePublished":"2025-02-09T12:38:01+00:00","dateModified":"2025-02-09T12:41:14+00:00","inLanguage":"es","potentialAction":[{"@type":"ReadAction","target":["https:\/\/sir-vosterone.com\/index.php\/politica-de-envios\/"]}]},{"@type":"WebSite","@id":"https:\/\/sir-vosterone.com\/#website","url":"https:\/\/sir-vosterone.com\/","name":"Sir-Vosterone","description":"","potentialAction":[{"@type":"SearchAction","target":{"@type":"EntryPoint","urlTemplate":"https:\/\/sir-vosterone.com\/?s={search_term_string}"},"query-input":{"@type":"PropertyValueSpecification","valueRequired":true,"valueName":"search_term_string"}}],"inLanguage":"es"}]}},"_links":{"self":[{"href":"https:\/\/sir-vosterone.com\/index.php\/wp-json\/wp\/v2\/pages\/772"}],"collection":[{"href":"https:\/\/sir-vosterone.com\/index.php\/wp-json\/wp\/v2\/pages"}],"about":[{"href":"https:\/\/sir-vosterone.com\/index.php\/wp-json\/wp\/v2\/types\/page"}],"author":[{"embeddable":true,"href":"https:\/\/sir-vosterone.com\/index.php\/wp-json\/wp\/v2\/users\/1"}],"replies":[{"embeddable":true,"href":"https:\/\/sir-vosterone.com\/index.php\/wp-json\/wp\/v2\/comments?post=772"}],"version-history":[{"count":4,"href":"https:\/\/sir-vosterone.com\/index.php\/wp-json\/wp\/v2\/pages\/772\/revisions"}],"predecessor-version":[{"id":776,"href":"https:\/\/sir-vosterone.com\/index.php\/wp-json\/wp\/v2\/pages\/772\/revisions\/776"}],"wp:attachment":[{"href":"https:\/\/sir-vosterone.com\/index.php\/wp-json\/wp\/v2\/media?parent=772"}],"curies":[{"name":"wp","href":"https:\/\/api.w.org\/{rel}","templated":true}]}}