{"id":789,"date":"2025-02-09T18:09:11","date_gmt":"2025-02-09T17:09:11","guid":{"rendered":"https:\/\/sir-vosterone.com\/?page_id=789"},"modified":"2025-02-09T18:13:36","modified_gmt":"2025-02-09T17:13:36","slug":"formulario-de-desistimiento","status":"publish","type":"page","link":"https:\/\/sir-vosterone.com\/index.php\/formulario-de-desistimiento\/","title":{"rendered":"Formulario de desistimiento"},"content":{"rendered":"<p>(Solo debe copiar, completar y enviar el siguiente formulario por correo electr\u00f3nico si desea desistir del contrato de compra)<\/p>\n<p><strong>Destinatario:<\/strong> info@sir-vosterone.com<\/p>\n<p><strong>Asunto:<\/strong> Desistimiento de compra<\/p>\n<p><strong>Mensaje:<\/strong><\/p>\n<p>Por la presente, le comunico que deseo desistir de mi contrato de compra del siguiente producto:<\/p>\n<ul data-spread=\"false\">\n<li><strong>Pedido n\u00famero:<\/strong> ________________________<\/li>\n<li><strong>Fecha de compra:<\/strong> <strong>\/<\/strong>\/______<\/li>\n<li><strong>Fecha de recepci\u00f3n:<\/strong> <strong>\/<\/strong>\/______<\/li>\n<li><strong>Nombre del consumidor:<\/strong> ________________________<\/li>\n<li><strong>Direcci\u00f3n del consumidor:<\/strong> ________________________<\/li>\n<li><strong>Tel\u00e9fono:<\/strong> ________________________<\/li>\n<li><strong>Correo electr\u00f3nico:<\/strong> ________________________<\/li>\n<li><strong>Forma de pago utilizada:<\/strong> ________________________<\/li>\n<li><strong>Cuenta bancaria (si aplica reembolso por transferencia):<\/strong> ________________________<\/li>\n<\/ul>\n<p><strong>Fecha de env\u00edo de este desistimiento:<\/strong> <strong>\/<\/strong>\/______<\/p>\n<div>\n<hr \/>\n<\/div>\n<p><strong>Instrucciones:<\/strong><\/p>\n<ul data-spread=\"false\">\n<li>El plazo para ejercer el derecho de desistimiento es de 14 d\u00edas naturales desde la recepci\u00f3n del pedido.<\/li>\n<li>Debe enviar este formulario cumplimentado al correo electr\u00f3nico indicado o por correo postal.<\/li>\n<li>Recibir\u00e1 una confirmaci\u00f3n de recepci\u00f3n de su solicitud y los pasos a seguir para la devoluci\u00f3n.<\/li>\n<li>El reembolso se efectuar\u00e1 en un m\u00e1ximo de 14 d\u00edas naturales tras recibir el producto devuelto, utilizando el mismo m\u00e9todo de pago salvo que se acuerde lo contrario.<\/li>\n<li>Los costes de devoluci\u00f3n correr\u00e1n a cargo del consumidor, salvo indicaci\u00f3n en contrario en nuestras condiciones de compra.<\/li>\n<\/ul>\n<p>Para m\u00e1s informaci\u00f3n, consulte nuestros\u00a0<a href=\"https:\/\/sir-vosterone.com\/index.php\/terminos-y-condiciones\/\">T\u00e9rminos y Condiciones<\/a><\/p>\n","protected":false},"excerpt":{"rendered":"<p>(Solo debe copiar, completar y enviar el siguiente formulario por correo electr\u00f3nico si desea desistir del contrato de compra) Destinatario: info@sir-vosterone.com Asunto: Desistimiento de compra Mensaje: Por la presente, le comunico que deseo desistir de mi contrato de compra del siguiente producto: Pedido n\u00famero: ________________________&hellip;<\/p>\n","protected":false},"author":1,"featured_media":0,"parent":0,"menu_order":0,"comment_status":"closed","ping_status":"closed","template":"","meta":{"footnotes":""},"class_list":["post-789","page","type-page","status-publish","hentry"],"yoast_head":"<!-- This site is optimized with the Yoast SEO plugin v24.4 - https:\/\/yoast.com\/wordpress\/plugins\/seo\/ -->\n<title>Formulario de desistimiento - Sir-Vosterone<\/title>\n<meta name=\"robots\" content=\"index, follow, max-snippet:-1, max-image-preview:large, max-video-preview:-1\" \/>\n<link rel=\"canonical\" href=\"https:\/\/sir-vosterone.com\/index.php\/formulario-de-desistimiento\/\" \/>\n<meta property=\"og:locale\" content=\"es_ES\" \/>\n<meta property=\"og:type\" content=\"article\" \/>\n<meta property=\"og:title\" content=\"Formulario de desistimiento - Sir-Vosterone\" \/>\n<meta property=\"og:description\" content=\"(Solo debe copiar, completar y enviar el siguiente formulario por correo electr\u00f3nico si desea desistir del contrato de compra) Destinatario: info@sir-vosterone.com Asunto: Desistimiento de compra Mensaje: Por la presente, le comunico que deseo desistir de mi contrato de compra del siguiente producto: Pedido n\u00famero: ________________________&hellip;\" \/>\n<meta property=\"og:url\" content=\"https:\/\/sir-vosterone.com\/index.php\/formulario-de-desistimiento\/\" \/>\n<meta property=\"og:site_name\" content=\"Sir-Vosterone\" \/>\n<meta property=\"article:modified_time\" content=\"2025-02-09T17:13:36+00:00\" \/>\n<meta name=\"twitter:card\" content=\"summary_large_image\" \/>\n<meta name=\"twitter:label1\" content=\"Tiempo de lectura\" \/>\n\t<meta name=\"twitter:data1\" content=\"1 minuto\" \/>\n<script type=\"application\/ld+json\" class=\"yoast-schema-graph\">{\"@context\":\"https:\/\/schema.org\",\"@graph\":[{\"@type\":\"WebPage\",\"@id\":\"https:\/\/sir-vosterone.com\/index.php\/formulario-de-desistimiento\/\",\"url\":\"https:\/\/sir-vosterone.com\/index.php\/formulario-de-desistimiento\/\",\"name\":\"Formulario de desistimiento - Sir-Vosterone\",\"isPartOf\":{\"@id\":\"https:\/\/sir-vosterone.com\/#website\"},\"datePublished\":\"2025-02-09T17:09:11+00:00\",\"dateModified\":\"2025-02-09T17:13:36+00:00\",\"inLanguage\":\"es\",\"potentialAction\":[{\"@type\":\"ReadAction\",\"target\":[\"https:\/\/sir-vosterone.com\/index.php\/formulario-de-desistimiento\/\"]}]},{\"@type\":\"WebSite\",\"@id\":\"https:\/\/sir-vosterone.com\/#website\",\"url\":\"https:\/\/sir-vosterone.com\/\",\"name\":\"Sir-Vosterone\",\"description\":\"\",\"potentialAction\":[{\"@type\":\"SearchAction\",\"target\":{\"@type\":\"EntryPoint\",\"urlTemplate\":\"https:\/\/sir-vosterone.com\/?s={search_term_string}\"},\"query-input\":{\"@type\":\"PropertyValueSpecification\",\"valueRequired\":true,\"valueName\":\"search_term_string\"}}],\"inLanguage\":\"es\"}]}<\/script>\n<!-- \/ Yoast SEO plugin. -->","yoast_head_json":{"title":"Formulario de desistimiento - Sir-Vosterone","robots":{"index":"index","follow":"follow","max-snippet":"max-snippet:-1","max-image-preview":"max-image-preview:large","max-video-preview":"max-video-preview:-1"},"canonical":"https:\/\/sir-vosterone.com\/index.php\/formulario-de-desistimiento\/","og_locale":"es_ES","og_type":"article","og_title":"Formulario de desistimiento - Sir-Vosterone","og_description":"(Solo debe copiar, completar y enviar el siguiente formulario por correo electr\u00f3nico si desea desistir del contrato de compra) Destinatario: info@sir-vosterone.com Asunto: Desistimiento de compra Mensaje: Por la presente, le comunico que deseo desistir de mi contrato de compra del siguiente producto: Pedido n\u00famero: ________________________&hellip;","og_url":"https:\/\/sir-vosterone.com\/index.php\/formulario-de-desistimiento\/","og_site_name":"Sir-Vosterone","article_modified_time":"2025-02-09T17:13:36+00:00","twitter_card":"summary_large_image","twitter_misc":{"Tiempo de lectura":"1 minuto"},"schema":{"@context":"https:\/\/schema.org","@graph":[{"@type":"WebPage","@id":"https:\/\/sir-vosterone.com\/index.php\/formulario-de-desistimiento\/","url":"https:\/\/sir-vosterone.com\/index.php\/formulario-de-desistimiento\/","name":"Formulario de desistimiento - Sir-Vosterone","isPartOf":{"@id":"https:\/\/sir-vosterone.com\/#website"},"datePublished":"2025-02-09T17:09:11+00:00","dateModified":"2025-02-09T17:13:36+00:00","inLanguage":"es","potentialAction":[{"@type":"ReadAction","target":["https:\/\/sir-vosterone.com\/index.php\/formulario-de-desistimiento\/"]}]},{"@type":"WebSite","@id":"https:\/\/sir-vosterone.com\/#website","url":"https:\/\/sir-vosterone.com\/","name":"Sir-Vosterone","description":"","potentialAction":[{"@type":"SearchAction","target":{"@type":"EntryPoint","urlTemplate":"https:\/\/sir-vosterone.com\/?s={search_term_string}"},"query-input":{"@type":"PropertyValueSpecification","valueRequired":true,"valueName":"search_term_string"}}],"inLanguage":"es"}]}},"_links":{"self":[{"href":"https:\/\/sir-vosterone.com\/index.php\/wp-json\/wp\/v2\/pages\/789"}],"collection":[{"href":"https:\/\/sir-vosterone.com\/index.php\/wp-json\/wp\/v2\/pages"}],"about":[{"href":"https:\/\/sir-vosterone.com\/index.php\/wp-json\/wp\/v2\/types\/page"}],"author":[{"embeddable":true,"href":"https:\/\/sir-vosterone.com\/index.php\/wp-json\/wp\/v2\/users\/1"}],"replies":[{"embeddable":true,"href":"https:\/\/sir-vosterone.com\/index.php\/wp-json\/wp\/v2\/comments?post=789"}],"version-history":[{"count":4,"href":"https:\/\/sir-vosterone.com\/index.php\/wp-json\/wp\/v2\/pages\/789\/revisions"}],"predecessor-version":[{"id":793,"href":"https:\/\/sir-vosterone.com\/index.php\/wp-json\/wp\/v2\/pages\/789\/revisions\/793"}],"wp:attachment":[{"href":"https:\/\/sir-vosterone.com\/index.php\/wp-json\/wp\/v2\/media?parent=789"}],"curies":[{"name":"wp","href":"https:\/\/api.w.org\/{rel}","templated":true}]}}